{"id":13,"date":"2021-05-13T05:31:27","date_gmt":"2021-05-13T05:31:27","guid":{"rendered":"http:\/\/192.168.10.26:8800\/contact\/"},"modified":"2023-08-02T22:56:01","modified_gmt":"2023-08-02T15:56:01","slug":"news","status":"publish","type":"page","link":"https:\/\/alphacomm.vn\/en\/news\/","title":{"rendered":"News"},"content":{"rendered":"<div class=\"wp-block-uagb-container uagb-block-82de3df0 alignfull uagb-is-root-container\"><div class=\"uagb-container-inner-blocks-wrap\">\n<div class=\"wp-block-uagb-advanced-heading uagb-block-f34b09a9\"><h1 class=\"uagb-heading-text\">News<\/h1><p class=\"uagb-desc-text\">C\u00f4ng ty Truy\u1ec1n th\u00f4ng Alpha \u0111\u01b0\u1ee3c th\u00e0nh l\u1eadp n\u0103m 1993, chuy\u00ean cung c\u1ea5p c\u00e1c gi\u1ea3i ph\u00e1p v\u00e0 d\u1ecbch v\u1ee5 v\u1ec1 h\u1ec7 th\u1ed1ng ph\u00e1t thanh truy\u1ec1n h\u00ecnh.\u200b<\/p><\/div>\n<\/div><\/div>\n\n\n\n<div class=\"wp-block-uagb-container uagb-block-693f8661 alignfull uagb-is-root-container\"><div class=\"uagb-container-inner-blocks-wrap\">\n<div class=\"wp-block-uagb-advanced-heading uagb-block-fecf05d6\"><h4 class=\"uagb-heading-text\">Th\u00f4ng tin d\u1ef1 \u00e1n h\u1ed9i th\u1ea3o Alphacomm<\/h4><\/div>\n<\/div><\/div>\n\n\n\n<div class=\"wp-block-query is-layout-flow wp-block-query-is-layout-flow\"><ul class=\"wp-block-post-template is-layout-flow wp-block-post-template-is-layout-flow\"><li class=\"wp-block-post post-785 post type-post status-publish format-standard has-post-thumbnail hentry category-ob-van category-projects\">\n\n<div class=\"wp-block-columns alignwide is-layout-flex wp-container-core-columns-is-layout-1 wp-block-columns-is-layout-flex\">\n<div class=\"wp-block-column is-layout-flow wp-block-column-is-layout-flow\" style=\"flex-basis:30%\"><figure class=\"wp-block-post-featured-image\"><a href=\"https:\/\/alphacomm.vn\/en\/2023\/06\/20\/xe-truyen-hinh-luu-dong-lam-dong\/\" target=\"_self\"  ><img loading=\"lazy\" decoding=\"async\" width=\"2048\" height=\"1408\" src=\"https:\/\/alphacomm.vn\/wp-content\/uploads\/2023\/06\/LD.jpg\" class=\"attachment-post-thumbnail size-post-thumbnail wp-post-image\" alt=\"Xe Truy\u1ec1n h\u00ecnh l\u01b0u \u0111\u1ed9ng L\u00e2m \u0110\u1ed3ng\" style=\"object-fit:cover;\" srcset=\"https:\/\/alphacomm.vn\/wp-content\/uploads\/2023\/06\/LD.jpg 2048w, https:\/\/alphacomm.vn\/wp-content\/uploads\/2023\/06\/LD-300x206.jpg 300w, https:\/\/alphacomm.vn\/wp-content\/uploads\/2023\/06\/LD-1024x704.jpg 1024w, https:\/\/alphacomm.vn\/wp-content\/uploads\/2023\/06\/LD-768x528.jpg 768w, https:\/\/alphacomm.vn\/wp-content\/uploads\/2023\/06\/LD-1536x1056.jpg 1536w, https:\/\/alphacomm.vn\/wp-content\/uploads\/2023\/06\/LD-18x12.jpg 18w\" sizes=\"(max-width: 2048px) 100vw, 2048px\" \/><\/a><\/figure><\/div>\n\n\n\n<div class=\"wp-block-column is-layout-flow wp-block-column-is-layout-flow\" style=\"flex-basis:60%\"><h3 class=\"wp-block-post-title\"><a href=\"https:\/\/alphacomm.vn\/en\/2023\/06\/20\/xe-truyen-hinh-luu-dong-lam-dong\/\" target=\"_self\" >Xe Truy\u1ec1n h\u00ecnh l\u01b0u \u0111\u1ed9ng L\u00e2m \u0110\u1ed3ng<\/a><\/h3>\n\n<div class=\"wp-block-post-excerpt\"><p class=\"wp-block-post-excerpt__excerpt\">Xe c\u00f3 c\u1ea5u h\u00ecnh bao g\u1ed3m 06 camera h\u1ec7 th\u1ed1ng, 01 camera kh\u00f4ng d\u00e2y, ngo\u00e0i ra h\u1ed7 tr\u1ee3 flycam, camera t\u1eeb h\u1ec7 th\u1ed1ng c\u1ea9u quay phim (bum)&#8230; v\u00e0 c\u00f3 kh\u1ea3 n\u0103ng m\u1edf r\u1ed9ng trong t\u01b0\u01a1ng lai. Xe c\u00f2n \u0111\u01b0\u1ee3c trang b\u1ecb H\u1ec7 th\u1ed1ng m\u00e1y l\u00e0m ch\u1eadm, m\u00e1y t\u1ea1o ch\u1eef CG, c\u00e1c m\u00e1y ghi ph\u00e1t file&hellip; <\/p><\/div><\/div>\n<\/div>\n\n<\/li><li class=\"wp-block-post post-774 post type-post status-publish format-standard has-post-thumbnail hentry category-ob-van category-projects\">\n\n<div class=\"wp-block-columns alignwide is-layout-flex wp-container-core-columns-is-layout-2 wp-block-columns-is-layout-flex\">\n<div class=\"wp-block-column is-layout-flow wp-block-column-is-layout-flow\" style=\"flex-basis:30%\"><figure class=\"wp-block-post-featured-image\"><a href=\"https:\/\/alphacomm.vn\/en\/2023\/06\/20\/xe-truyen-hinh-luu-dong-bac-kan\/\" target=\"_self\"  ><img loading=\"lazy\" decoding=\"async\" width=\"2560\" height=\"1920\" src=\"https:\/\/alphacomm.vn\/wp-content\/uploads\/2023\/07\/12-scaled-e1689835713689.jpg\" class=\"attachment-post-thumbnail size-post-thumbnail wp-post-image\" alt=\"Xe Truy\u1ec1n h\u00ecnh l\u01b0u \u0111\u1ed9ng B\u1eafc K\u1ea1n\" style=\"object-fit:cover;\" srcset=\"https:\/\/alphacomm.vn\/wp-content\/uploads\/2023\/07\/12-scaled-e1689835713689.jpg 2560w, https:\/\/alphacomm.vn\/wp-content\/uploads\/2023\/07\/12-scaled-e1689835713689-300x225.jpg 300w, https:\/\/alphacomm.vn\/wp-content\/uploads\/2023\/07\/12-scaled-e1689835713689-1024x768.jpg 1024w, https:\/\/alphacomm.vn\/wp-content\/uploads\/2023\/07\/12-scaled-e1689835713689-768x576.jpg 768w, https:\/\/alphacomm.vn\/wp-content\/uploads\/2023\/07\/12-scaled-e1689835713689-1536x1152.jpg 1536w, https:\/\/alphacomm.vn\/wp-content\/uploads\/2023\/07\/12-scaled-e1689835713689-2048x1536.jpg 2048w, https:\/\/alphacomm.vn\/wp-content\/uploads\/2023\/07\/12-scaled-e1689835713689-16x12.jpg 16w\" sizes=\"(max-width: 2560px) 100vw, 2560px\" \/><\/a><\/figure><\/div>\n\n\n\n<div class=\"wp-block-column is-layout-flow wp-block-column-is-layout-flow\" style=\"flex-basis:60%\"><h3 class=\"wp-block-post-title\"><a href=\"https:\/\/alphacomm.vn\/en\/2023\/06\/20\/xe-truyen-hinh-luu-dong-bac-kan\/\" target=\"_self\" >Xe Truy\u1ec1n h\u00ecnh l\u01b0u \u0111\u1ed9ng B\u1eafc K\u1ea1n<\/a><\/h3>\n\n<div class=\"wp-block-post-excerpt\"><p class=\"wp-block-post-excerpt__excerpt\">Xe TBK \u0111\u01b0\u1ee3c thi\u1ebft k\u1ebf v\u1edbi 2 khoang Video v\u00e0 Audio ri\u00eang bi\u1ec7t, c\u00f3 c\u1ea5u h\u00ecnh bao g\u1ed3m 05 Camera h\u1ec7 th\u1ed1ng, 01 Camera kh\u00f4ng d\u00e2y, h\u1ed7 tr\u1ee3 flycam&#8230; v\u00e0 c\u00f3 kh\u1ea3 n\u0103ng m\u1edf r\u1ed9ng trong t\u01b0\u01a1ng lai. Xe c\u00f2n \u0111\u01b0\u1ee3c trang b\u1ecb H\u1ec7 th\u1ed1ng M\u00e1y l\u00e0m ch\u1eadm Slowmotion, m\u00e1y t\u1ea1o ch\u1eef CG, c\u00e1c m\u00e1y&hellip; <\/p><\/div><\/div>\n<\/div>\n\n<\/li><li class=\"wp-block-post post-758 post type-post status-publish format-standard has-post-thumbnail hentry category-events\">\n\n<div class=\"wp-block-columns alignwide is-layout-flex wp-container-core-columns-is-layout-3 wp-block-columns-is-layout-flex\">\n<div class=\"wp-block-column is-layout-flow wp-block-column-is-layout-flow\" style=\"flex-basis:30%\"><figure class=\"wp-block-post-featured-image\"><a href=\"https:\/\/alphacomm.vn\/en\/2023\/06\/20\/asia-tech-x-singapore-2023\/\" target=\"_self\"  ><img loading=\"lazy\" decoding=\"async\" width=\"2560\" height=\"1920\" src=\"https:\/\/alphacomm.vn\/wp-content\/uploads\/2023\/07\/08_crop-scaled.jpg\" class=\"attachment-post-thumbnail size-post-thumbnail wp-post-image\" alt=\"Asia Tech x Singapore 2023\" style=\"object-fit:cover;\" srcset=\"https:\/\/alphacomm.vn\/wp-content\/uploads\/2023\/07\/08_crop-scaled.jpg 2560w, https:\/\/alphacomm.vn\/wp-content\/uploads\/2023\/07\/08_crop-300x225.jpg 300w, https:\/\/alphacomm.vn\/wp-content\/uploads\/2023\/07\/08_crop-1024x768.jpg 1024w, https:\/\/alphacomm.vn\/wp-content\/uploads\/2023\/07\/08_crop-768x576.jpg 768w, https:\/\/alphacomm.vn\/wp-content\/uploads\/2023\/07\/08_crop-1536x1152.jpg 1536w, https:\/\/alphacomm.vn\/wp-content\/uploads\/2023\/07\/08_crop-2048x1536.jpg 2048w, https:\/\/alphacomm.vn\/wp-content\/uploads\/2023\/07\/08_crop-16x12.jpg 16w\" sizes=\"(max-width: 2560px) 100vw, 2560px\" \/><\/a><\/figure><\/div>\n\n\n\n<div class=\"wp-block-column is-layout-flow wp-block-column-is-layout-flow\" style=\"flex-basis:60%\"><h3 class=\"wp-block-post-title\"><a href=\"https:\/\/alphacomm.vn\/en\/2023\/06\/20\/asia-tech-x-singapore-2023\/\" target=\"_self\" >Asia Tech x Singapore 2023<\/a><\/h3>\n\n<div class=\"wp-block-post-excerpt\"><p class=\"wp-block-post-excerpt__excerpt\">ALPHA tham d\u1ef1 Asia Tech x Singapore 2023 v\u1edbi chu\u1ed7i s\u1ef1 ki\u1ec7n BroadcastAsia, CommunicAsia, SatelliteAsia v\u00e0 ATxAI C\u00f9ng v\u1edbi xu h\u01b0\u1edbng ph\u00e1t tri\u1ec3n c\u1ee7a c\u00f4ng ngh\u1ec7 ph\u00e1t thanh truy\u1ec1n h\u00ecnh, ALPHA kh\u00f4ng ng\u1eebng c\u1eadp nh\u1eadt nh\u1eefng c\u00f4ng ngh\u1ec7 m\u1edbi, nh\u1eefng s\u1ea3n ph\u1ea9m m\u1edbi \u0111\u1ebfn t\u1eeb nh\u1eefng h\u00e3ng \u0111\u1ed1i t\u00e1c h\u00e0ng \u0111\u1ea7u th\u1ebf gi\u1edbi, \u0111\u1ec3 t\u1eeb&hellip; <\/p><\/div><\/div>\n<\/div>\n\n<\/li><\/ul><\/div>","protected":false},"excerpt":{"rendered":"<p>Tin t\u1ee9c C\u00f4ng ty Truy\u1ec1n th\u00f4ng Alpha \u0111\u01b0\u1ee3c th\u00e0nh l\u1eadp n\u0103m 1993, chuy\u00ean cung c\u1ea5p c\u00e1c gi\u1ea3i ph\u00e1p v\u00e0 d\u1ecbch v\u1ee5 v\u1ec1 h\u1ec7 th\u1ed1ng ph\u00e1t thanh truy\u1ec1n h\u00ecnh.\u200b Th\u00f4ng tin d\u1ef1 \u00e1n h\u1ed9i th\u1ea3o Alphacomm<\/p>","protected":false},"author":2,"featured_media":0,"parent":0,"menu_order":0,"comment_status":"closed","ping_status":"closed","template":"","meta":{"_uag_custom_page_level_css":"","site-sidebar-layout":"no-sidebar","site-content-layout":"plain-container","ast-site-content-layout":"","site-content-style":"default","site-sidebar-style":"default","ast-global-header-display":"","ast-banner-title-visibility":"","ast-main-header-display":"","ast-hfb-above-header-display":"","ast-hfb-below-header-display":"","ast-hfb-mobile-header-display":"","site-post-title":"disabled","ast-breadcrumbs-content":"","ast-featured-img":"","footer-sml-layout":"","theme-transparent-header-meta":"enabled","adv-header-id-meta":"","stick-header-meta":"","header-above-stick-meta":"","header-main-stick-meta":"","header-below-stick-meta":"","astra-migrate-meta-layouts":"","ast-page-background-enabled":"default","ast-page-background-meta":{"desktop":{"background-color":"var(--ast-global-color-4)","background-image":"","background-repeat":"repeat","background-position":"center center","background-size":"auto","background-attachment":"scroll","background-type":"","background-media":"","overlay-type":"","overlay-color":"","overlay-gradient":""},"tablet":{"background-color":"","background-image":"","background-repeat":"repeat","background-position":"center center","background-size":"auto","background-attachment":"scroll","background-type":"","background-media":"","overlay-type":"","overlay-color":"","overlay-gradient":""},"mobile":{"background-color":"","background-image":"","background-repeat":"repeat","background-position":"center center","background-size":"auto","background-attachment":"scroll","background-type":"","background-media":"","overlay-type":"","overlay-color":"","overlay-gradient":""}},"ast-content-background-meta":{"desktop":{"background-color":"var(--ast-global-color-5)","background-image":"","background-repeat":"repeat","background-position":"center center","background-size":"auto","background-attachment":"scroll","background-type":"","background-media":"","overlay-type":"","overlay-color":"","overlay-gradient":""},"tablet":{"background-color":"var(--ast-global-color-5)","background-image":"","background-repeat":"repeat","background-position":"center center","background-size":"auto","background-attachment":"scroll","background-type":"","background-media":"","overlay-type":"","overlay-color":"","overlay-gradient":""},"mobile":{"background-color":"var(--ast-global-color-5)","background-image":"","background-repeat":"repeat","background-position":"center center","background-size":"auto","background-attachment":"scroll","background-type":"","background-media":"","overlay-type":"","overlay-color":"","overlay-gradient":""}},"footnotes":""},"uagb_featured_image_src":{"full":false,"thumbnail":false,"medium":false,"medium_large":false,"large":false,"1536x1536":false,"2048x2048":false,"trp-custom-language-flag":false},"uagb_author_info":{"display_name":"alpha","author_link":"https:\/\/alphacomm.vn\/en\/author\/alpha\/"},"uagb_comment_info":0,"uagb_excerpt":"Tin t\u1ee9c C\u00f4ng ty Truy\u1ec1n th\u00f4ng Alpha \u0111\u01b0\u1ee3c th\u00e0nh l\u1eadp n\u0103m 1993, chuy\u00ean cung c\u1ea5p c\u00e1c gi\u1ea3i ph\u00e1p v\u00e0 d\u1ecbch v\u1ee5 v\u1ec1 h\u1ec7 th\u1ed1ng ph\u00e1t thanh truy\u1ec1n h\u00ecnh.\u200b Th\u00f4ng tin d\u1ef1 \u00e1n h\u1ed9i th\u1ea3o Alphacomm","_links":{"self":[{"href":"https:\/\/alphacomm.vn\/en\/wp-json\/wp\/v2\/pages\/13"}],"collection":[{"href":"https:\/\/alphacomm.vn\/en\/wp-json\/wp\/v2\/pages"}],"about":[{"href":"https:\/\/alphacomm.vn\/en\/wp-json\/wp\/v2\/types\/page"}],"author":[{"embeddable":true,"href":"https:\/\/alphacomm.vn\/en\/wp-json\/wp\/v2\/users\/2"}],"replies":[{"embeddable":true,"href":"https:\/\/alphacomm.vn\/en\/wp-json\/wp\/v2\/comments?post=13"}],"version-history":[{"count":24,"href":"https:\/\/alphacomm.vn\/en\/wp-json\/wp\/v2\/pages\/13\/revisions"}],"predecessor-version":[{"id":1746,"href":"https:\/\/alphacomm.vn\/en\/wp-json\/wp\/v2\/pages\/13\/revisions\/1746"}],"wp:attachment":[{"href":"https:\/\/alphacomm.vn\/en\/wp-json\/wp\/v2\/media?parent=13"}],"curies":[{"name":"wp","href":"https:\/\/api.w.org\/{rel}","templated":true}]}}