{"id":12,"date":"2021-05-13T05:31:27","date_gmt":"2021-05-13T05:31:27","guid":{"rendered":"http:\/\/192.168.10.26:8800\/services\/"},"modified":"2023-08-10T16:43:40","modified_gmt":"2023-08-10T09:43:40","slug":"services","status":"publish","type":"page","link":"https:\/\/alphacomm.vn\/en\/services\/","title":{"rendered":"Services"},"content":{"rendered":"<div class=\"wp-block-uagb-container uagb-block-1a3edc06 alignfull uagb-is-root-container\"><div class=\"uagb-container-inner-blocks-wrap\">\n<div class=\"wp-block-uagb-advanced-heading uagb-block-68905a65\"><h1 class=\"uagb-heading-text\">Solutions and Services<\/h1><p class=\"uagb-desc-text\">C\u00f4ng ty Truy\u1ec1n th\u00f4ng Alpha \u0111\u01b0\u1ee3c th\u00e0nh l\u1eadp n\u0103m 1993, chuy\u00ean cung c\u1ea5p c\u00e1c gi\u1ea3i ph\u00e1p v\u00e0 d\u1ecbch v\u1ee5 v\u1ec1 h\u1ec7 th\u1ed1ng ph\u00e1t thanh truy\u1ec1n h\u00ecnh.\u200b<\/p><\/div>\n<\/div><\/div>\n\n\n\n<div class=\"wp-block-uagb-advanced-heading uagb-block-54f81b73\"><h2 class=\"uagb-heading-text\">Solutions and Services<\/h2><\/div>\n\n\n\n<div class=\"wp-block-uagb-container uagb-block-7ef66455 alignfull uagb-is-root-container\"><div class=\"uagb-container-inner-blocks-wrap\">\n<div class=\"wp-block-query is-layout-flow wp-block-query-is-layout-flow\"><ul class=\"wp-block-post-template is-layout-flow wp-block-post-template-is-layout-flow\"><li class=\"wp-block-post post-1668 post type-post status-publish format-standard has-post-thumbnail hentry category-ip-radio category-solutions\">\n\n<div class=\"wp-block-columns alignwide is-layout-flex wp-container-core-columns-is-layout-1 wp-block-columns-is-layout-flex\">\n<div class=\"wp-block-column is-layout-flow wp-block-column-is-layout-flow\" style=\"flex-basis:30%\"><figure class=\"wp-block-post-featured-image\"><a href=\"https:\/\/alphacomm.vn\/en\/2023\/07\/24\/he-thong-truyen-thanh-thong-minh-ip\/\" target=\"_self\"  ><img loading=\"lazy\" decoding=\"async\" width=\"719\" height=\"496\" src=\"https:\/\/alphacomm.vn\/wp-content\/uploads\/2023\/07\/Picture2.png\" class=\"attachment-post-thumbnail size-post-thumbnail wp-post-image\" alt=\"H\u1ec7 th\u1ed1ng Truy\u1ec1n thanh Th\u00f4ng minh\" style=\"object-fit:cover;\" srcset=\"https:\/\/alphacomm.vn\/wp-content\/uploads\/2023\/07\/Picture2.png 719w, https:\/\/alphacomm.vn\/wp-content\/uploads\/2023\/07\/Picture2-300x207.png 300w, https:\/\/alphacomm.vn\/wp-content\/uploads\/2023\/07\/Picture2-18x12.png 18w\" sizes=\"(max-width: 719px) 100vw, 719px\" \/><\/a><\/figure><\/div>\n\n\n\n<div class=\"wp-block-column is-layout-flow wp-block-column-is-layout-flow\" style=\"flex-basis:60%\"><h3 class=\"wp-block-post-title\"><a href=\"https:\/\/alphacomm.vn\/en\/2023\/07\/24\/he-thong-truyen-thanh-thong-minh-ip\/\" target=\"_self\" >H\u1ec7 th\u1ed1ng Truy\u1ec1n thanh Th\u00f4ng minh<\/a><\/h3>\n\n<div class=\"wp-block-post-excerpt\"><p class=\"wp-block-post-excerpt__excerpt\">Gi\u1ea3i ph\u00e1p ph\u00e2n ph\u1ed1i truy\u1ec1n thanh th\u00f4ng minh d\u1ef1a tr\u00ean n\u1ec1n t\u1ea3ng IP &nbsp;&nbsp;&nbsp; C\u00f4ng ty Alpha cung c\u1ea5p gi\u1ea3i ph\u00e1p v\u1ec1 h\u1ec7 th\u1ed1ng truy\u1ec1n thanh th\u00f4ng minh IP, \u1ee9ng d\u1ee5ng c\u00f4ng ngh\u1ec7 vi\u1ec5n th\u00f4ng, c\u00f4ng ngh\u1ec7 th\u00f4ng tin hi\u1ec7n \u0111\u1ea1i. Gi\u1ea3i ph\u00e1p \u0111\u01b0\u1ee3c ph\u00e1t tri\u1ec3n d\u1ef1a tr\u00ean n\u1ec1n t\u1ea3ng c\u00f4ng ngh\u1ec7 4.0 v\u00e0 tri\u1ec3n&hellip; <\/p><\/div><\/div>\n<\/div>\n\n<\/li><li class=\"wp-block-post post-1647 post type-post status-publish format-standard has-post-thumbnail hentry category-solutions\">\n\n<div class=\"wp-block-columns alignwide is-layout-flex wp-container-core-columns-is-layout-2 wp-block-columns-is-layout-flex\">\n<div class=\"wp-block-column is-layout-flow wp-block-column-is-layout-flow\" style=\"flex-basis:30%\"><figure class=\"wp-block-post-featured-image\"><a href=\"https:\/\/alphacomm.vn\/en\/2023\/07\/21\/he-thong-khoa-ma-verimatrix\/\" target=\"_self\"  ><img loading=\"lazy\" decoding=\"async\" width=\"883\" height=\"746\" src=\"https:\/\/alphacomm.vn\/wp-content\/uploads\/2023\/06\/VMX-e1690991570852.jpg\" class=\"attachment-post-thumbnail size-post-thumbnail wp-post-image\" alt=\"H\u1ec7 th\u1ed1ng kh\u00f3a m\u00e3 n\u1ed9i dung truy\u1ec1n h\u00ecnh\" style=\"object-fit:cover;\" srcset=\"https:\/\/alphacomm.vn\/wp-content\/uploads\/2023\/06\/VMX-e1690991570852.jpg 883w, https:\/\/alphacomm.vn\/wp-content\/uploads\/2023\/06\/VMX-e1690991570852-300x253.jpg 300w, https:\/\/alphacomm.vn\/wp-content\/uploads\/2023\/06\/VMX-e1690991570852-768x649.jpg 768w, https:\/\/alphacomm.vn\/wp-content\/uploads\/2023\/06\/VMX-e1690991570852-14x12.jpg 14w\" sizes=\"(max-width: 883px) 100vw, 883px\" \/><\/a><\/figure><\/div>\n\n\n\n<div class=\"wp-block-column is-layout-flow wp-block-column-is-layout-flow\" style=\"flex-basis:60%\"><h3 class=\"wp-block-post-title\"><a href=\"https:\/\/alphacomm.vn\/en\/2023\/07\/21\/he-thong-khoa-ma-verimatrix\/\" target=\"_self\" >H\u1ec7 th\u1ed1ng kh\u00f3a m\u00e3 n\u1ed9i dung truy\u1ec1n h\u00ecnh<\/a><\/h3>\n\n<div class=\"wp-block-post-excerpt\"><p class=\"wp-block-post-excerpt__excerpt\">Alpha l\u00e0 ph\u00e2n ph\u1ed1i gi\u1ea3i ph\u00e1p kh\u00f3a m\u00e3 n\u1ed9i dung truy\u1ec1n h\u00ecnh c\u1ee7a Verimatrix tr\u00ean c\u1ea3 hai n\u1ec1n t\u1ea3ng Cloud v\u00e0 On-premises. H\u1ec7 th\u1ed1ng kh\u00f3a m\u00e3 n\u1ed9i dung s\u1ebd cung c\u1ea5p c\u00e1c c\u00f4ng c\u1ee5 v\u00e0 c\u01a1 s\u1edf h\u1ea1 t\u1ea7ng \u0111\u1ec3 cho ph\u00e9p nh\u00e0 cung c\u1ea5p n\u1ed9i dung m\u00e3 h\u00f3a n\u1ed9i dung c\u1ee7a h\u1ecd v\u00e0 x\u00e2y&hellip; <\/p><\/div><\/div>\n<\/div>\n\n<\/li><li class=\"wp-block-post post-1620 post type-post status-publish format-standard has-post-thumbnail hentry category-solutions category-storage\">\n\n<div class=\"wp-block-columns alignwide is-layout-flex wp-container-core-columns-is-layout-3 wp-block-columns-is-layout-flex\">\n<div class=\"wp-block-column is-layout-flow wp-block-column-is-layout-flow\" style=\"flex-basis:30%\"><figure class=\"wp-block-post-featured-image\"><a href=\"https:\/\/alphacomm.vn\/en\/2023\/07\/20\/he-thong-mang-luu-tru\/\" target=\"_self\"  ><img loading=\"lazy\" decoding=\"async\" width=\"811\" height=\"636\" src=\"https:\/\/alphacomm.vn\/wp-content\/uploads\/2023\/07\/MG-e1690991659417.jpg\" class=\"attachment-post-thumbnail size-post-thumbnail wp-post-image\" alt=\"H\u1ec7 th\u1ed1ng m\u1ea1ng v\u00e0 l\u01b0u tr\u1eef\" style=\"object-fit:cover;\" srcset=\"https:\/\/alphacomm.vn\/wp-content\/uploads\/2023\/07\/MG-e1690991659417.jpg 811w, https:\/\/alphacomm.vn\/wp-content\/uploads\/2023\/07\/MG-e1690991659417-300x235.jpg 300w, https:\/\/alphacomm.vn\/wp-content\/uploads\/2023\/07\/MG-e1690991659417-768x602.jpg 768w, https:\/\/alphacomm.vn\/wp-content\/uploads\/2023\/07\/MG-e1690991659417-15x12.jpg 15w\" sizes=\"(max-width: 811px) 100vw, 811px\" \/><\/a><\/figure><\/div>\n\n\n\n<div class=\"wp-block-column is-layout-flow wp-block-column-is-layout-flow\" style=\"flex-basis:60%\"><h3 class=\"wp-block-post-title\"><a href=\"https:\/\/alphacomm.vn\/en\/2023\/07\/20\/he-thong-mang-luu-tru\/\" target=\"_self\" >H\u1ec7 th\u1ed1ng m\u1ea1ng v\u00e0 l\u01b0u tr\u1eef<\/a><\/h3>\n\n<div class=\"wp-block-post-excerpt\"><p class=\"wp-block-post-excerpt__excerpt\">H\u1ec7 th\u1ed1ng m\u1ea1ng v\u00e0 l\u01b0u tr\u1eef ph\u1ee5c v\u1ee5 cho ph\u00e1t thanh truy\u1ec1n h\u00ecnh Alpha ph\u00e2n ph\u1ed1i gi\u1ea3i ph\u00e1p m\u1ea1ng l\u01b0u tr\u1eef chuy\u00ean d\u1ee5ng, t\u1ed1i \u01b0u cho h\u1ec7 th\u1ed1ng ph\u00e1t thanh v\u00e0 truy\u1ec1n h\u00ecnh. C\u00e1c gi\u1ea3i ph\u00e1p \u0111\u01b0\u1ee3c cung c\u1ea5p b\u1edfi c\u00e3ng h\u00e3ng h\u00e0ng \u0111\u1ea7u tr\u00ean th\u1ebf gi\u1edbi nh\u01b0 Cisco, Juniper, HPE, Dell, Netgear&#8230; v\u1edbi h\u1ec7&hellip; <\/p><\/div><\/div>\n<\/div>\n\n<\/li><\/ul><\/div>\n<\/div><\/div>","protected":false},"excerpt":{"rendered":"<p>Gi\u1ea3i ph\u00e1p v\u00e0 d\u1ecbch v\u1ee5 C\u00f4ng ty Truy\u1ec1n th\u00f4ng Alpha \u0111\u01b0\u1ee3c th\u00e0nh l\u1eadp n\u0103m 1993, chuy\u00ean cung c\u1ea5p c\u00e1c gi\u1ea3i ph\u00e1p v\u00e0 d\u1ecbch v\u1ee5 v\u1ec1 h\u1ec7 th\u1ed1ng ph\u00e1t thanh truy\u1ec1n h\u00ecnh.\u200b Gi\u1ea3i ph\u00e1p v\u00e0 d\u1ecbch v\u1ee5<\/p>","protected":false},"author":2,"featured_media":0,"parent":0,"menu_order":0,"comment_status":"closed","ping_status":"closed","template":"","meta":{"_uag_custom_page_level_css":"","site-sidebar-layout":"no-sidebar","site-content-layout":"plain-container","ast-site-content-layout":"","site-content-style":"default","site-sidebar-style":"default","ast-global-header-display":"","ast-banner-title-visibility":"","ast-main-header-display":"","ast-hfb-above-header-display":"","ast-hfb-below-header-display":"","ast-hfb-mobile-header-display":"","site-post-title":"disabled","ast-breadcrumbs-content":"","ast-featured-img":"","footer-sml-layout":"","theme-transparent-header-meta":"enabled","adv-header-id-meta":"","stick-header-meta":"","header-above-stick-meta":"","header-main-stick-meta":"","header-below-stick-meta":"","astra-migrate-meta-layouts":"","ast-page-background-enabled":"default","ast-page-background-meta":{"desktop":{"background-color":"var(--ast-global-color-4)","background-image":"","background-repeat":"repeat","background-position":"center center","background-size":"auto","background-attachment":"scroll","background-type":"","background-media":"","overlay-type":"","overlay-color":"","overlay-gradient":""},"tablet":{"background-color":"","background-image":"","background-repeat":"repeat","background-position":"center center","background-size":"auto","background-attachment":"scroll","background-type":"","background-media":"","overlay-type":"","overlay-color":"","overlay-gradient":""},"mobile":{"background-color":"","background-image":"","background-repeat":"repeat","background-position":"center center","background-size":"auto","background-attachment":"scroll","background-type":"","background-media":"","overlay-type":"","overlay-color":"","overlay-gradient":""}},"ast-content-background-meta":{"desktop":{"background-color":"var(--ast-global-color-5)","background-image":"","background-repeat":"repeat","background-position":"center center","background-size":"auto","background-attachment":"scroll","background-type":"","background-media":"","overlay-type":"","overlay-color":"","overlay-gradient":""},"tablet":{"background-color":"var(--ast-global-color-5)","background-image":"","background-repeat":"repeat","background-position":"center center","background-size":"auto","background-attachment":"scroll","background-type":"","background-media":"","overlay-type":"","overlay-color":"","overlay-gradient":""},"mobile":{"background-color":"var(--ast-global-color-5)","background-image":"","background-repeat":"repeat","background-position":"center center","background-size":"auto","background-attachment":"scroll","background-type":"","background-media":"","overlay-type":"","overlay-color":"","overlay-gradient":""}},"footnotes":""},"uagb_featured_image_src":{"full":false,"thumbnail":false,"medium":false,"medium_large":false,"large":false,"1536x1536":false,"2048x2048":false,"trp-custom-language-flag":false},"uagb_author_info":{"display_name":"alpha","author_link":"https:\/\/alphacomm.vn\/en\/author\/alpha\/"},"uagb_comment_info":0,"uagb_excerpt":"Gi\u1ea3i ph\u00e1p v\u00e0 d\u1ecbch v\u1ee5 C\u00f4ng ty Truy\u1ec1n th\u00f4ng Alpha \u0111\u01b0\u1ee3c th\u00e0nh l\u1eadp n\u0103m 1993, chuy\u00ean cung c\u1ea5p c\u00e1c gi\u1ea3i ph\u00e1p v\u00e0 d\u1ecbch v\u1ee5 v\u1ec1 h\u1ec7 th\u1ed1ng ph\u00e1t thanh truy\u1ec1n h\u00ecnh.\u200b Gi\u1ea3i ph\u00e1p v\u00e0 d\u1ecbch v\u1ee5","_links":{"self":[{"href":"https:\/\/alphacomm.vn\/en\/wp-json\/wp\/v2\/pages\/12"}],"collection":[{"href":"https:\/\/alphacomm.vn\/en\/wp-json\/wp\/v2\/pages"}],"about":[{"href":"https:\/\/alphacomm.vn\/en\/wp-json\/wp\/v2\/types\/page"}],"author":[{"embeddable":true,"href":"https:\/\/alphacomm.vn\/en\/wp-json\/wp\/v2\/users\/2"}],"replies":[{"embeddable":true,"href":"https:\/\/alphacomm.vn\/en\/wp-json\/wp\/v2\/comments?post=12"}],"version-history":[{"count":33,"href":"https:\/\/alphacomm.vn\/en\/wp-json\/wp\/v2\/pages\/12\/revisions"}],"predecessor-version":[{"id":1764,"href":"https:\/\/alphacomm.vn\/en\/wp-json\/wp\/v2\/pages\/12\/revisions\/1764"}],"wp:attachment":[{"href":"https:\/\/alphacomm.vn\/en\/wp-json\/wp\/v2\/media?parent=12"}],"curies":[{"name":"wp","href":"https:\/\/api.w.org\/{rel}","templated":true}]}}